{"id":1319,"date":"2019-11-05T13:46:31","date_gmt":"2019-11-05T12:46:31","guid":{"rendered":"https:\/\/metauxbc.com\/102-b\/"},"modified":"2020-05-19T14:15:18","modified_gmt":"2020-05-19T12:15:18","slug":"102-b","status":"publish","type":"page","link":"https:\/\/metauxbc.com\/en\/102-b\/","title":{"rendered":"102 B"},"content":{"rendered":"\t\t<div data-elementor-type=\"wp-page\" data-elementor-id=\"1319\" class=\"elementor elementor-1319 elementor-1236\">\n\t\t\t\t\t\t<div class=\"elementor-inner\">\n\t\t\t\t<div class=\"elementor-section-wrap\">\n\t\t\t\t\t\t\t\t\t<section class=\"elementor-section elementor-top-section elementor-element elementor-element-53b6963c elementor-section-stretched elementor-section-boxed elementor-section-height-default elementor-section-height-default\" data-id=\"53b6963c\" data-element_type=\"section\" data-settings=\"{&quot;background_background&quot;:&quot;classic&quot;,&quot;shape_divider_bottom&quot;:&quot;waves&quot;,&quot;shape_divider_bottom_negative&quot;:&quot;yes&quot;,&quot;stretch_section&quot;:&quot;section-stretched&quot;}\">\n\t\t\t\t\t\t\t<div class=\"elementor-background-overlay\"><\/div>\n\t\t\t\t\t\t<div class=\"elementor-shape elementor-shape-bottom\" data-negative=\"true\">\n\t\t\t<svg xmlns=\"http:\/\/www.w3.org\/2000\/svg\" viewBox=\"0 0 1000 100\" preserveAspectRatio=\"none\">\n\t<path class=\"elementor-shape-fill\" d=\"M790.5,93.1c-59.3-5.3-116.8-18-192.6-50c-29.6-12.7-76.9-31-100.5-35.9c-23.6-4.9-52.6-7.8-75.5-5.3\n\tc-10.2,1.1-22.6,1.4-50.1,7.4c-27.2,6.3-58.2,16.6-79.4,24.7c-41.3,15.9-94.9,21.9-134,22.6C72,58.2,0,25.8,0,25.8V100h1000V65.3\n\tc0,0-51.5,19.4-106.2,25.7C839.5,97,814.1,95.2,790.5,93.1z\"\/>\n<\/svg>\t\t<\/div>\n\t\t\t\t\t<div class=\"elementor-container elementor-column-gap-default\">\n\t\t\t\t\t\t\t<div class=\"elementor-row\">\n\t\t\t\t\t<div class=\"elementor-column elementor-col-100 elementor-top-column elementor-element elementor-element-8b58219\" data-id=\"8b58219\" data-element_type=\"column\">\n\t\t\t<div class=\"elementor-column-wrap elementor-element-populated\">\n\t\t\t\t\t\t\t<div class=\"elementor-widget-wrap\">\n\t\t\t\t\t\t<div class=\"elementor-element elementor-element-5736dcf elementor-invisible elementor-widget elementor-widget-heading\" data-id=\"5736dcf\" data-element_type=\"widget\" data-settings=\"{&quot;_animation&quot;:&quot;fadeIn&quot;}\" data-widget_type=\"heading.default\">\n\t\t\t\t<div class=\"elementor-widget-container\">\n\t\t\t<h1 class=\"elementor-heading-title elementor-size-default\">102 B<\/h1>\t\t<\/div>\n\t\t\t\t<\/div>\n\t\t\t\t\t\t<\/div>\n\t\t\t\t\t<\/div>\n\t\t<\/div>\n\t\t\t\t\t\t\t\t<\/div>\n\t\t\t\t\t<\/div>\n\t\t<\/section>\n\t\t\t\t<section class=\"elementor-section elementor-top-section elementor-element elementor-element-1ef0a4b5 elementor-section-boxed elementor-section-height-default elementor-section-height-default\" data-id=\"1ef0a4b5\" data-element_type=\"section\">\n\t\t\t\t\t\t<div class=\"elementor-container elementor-column-gap-default\">\n\t\t\t\t\t\t\t<div class=\"elementor-row\">\n\t\t\t\t\t<div class=\"elementor-column elementor-col-50 elementor-top-column elementor-element elementor-element-ec8dca3 elementor-invisible\" data-id=\"ec8dca3\" data-element_type=\"column\" data-settings=\"{&quot;animation&quot;:&quot;fadeIn&quot;,&quot;background_background&quot;:&quot;classic&quot;}\">\n\t\t\t<div class=\"elementor-column-wrap elementor-element-populated\">\n\t\t\t\t\t\t\t<div class=\"elementor-widget-wrap\">\n\t\t\t\t\t\t<div class=\"elementor-element elementor-element-63788f1 elementor-align-center elementor-mobile-align-center elementor-invisible elementor-widget elementor-widget-button\" data-id=\"63788f1\" data-element_type=\"widget\" data-settings=\"{&quot;_animation&quot;:&quot;fadeIn&quot;}\" data-widget_type=\"button.default\">\n\t\t\t\t<div class=\"elementor-widget-container\">\n\t\t\t\t\t<div class=\"elementor-button-wrapper\">\n\t\t\t<a href=\"https:\/\/metauxbc.com\/wp-content\/uploads\/2019\/11\/021.spkt_.102B-A.pdf\" target=\"_blank\" class=\"elementor-button-link elementor-button elementor-size-lg\" role=\"button\">\n\t\t\t\t\t\t<span class=\"elementor-button-content-wrapper\">\n\t\t\t\t\t\t<span class=\"elementor-button-text\">See the document - Steel 102 B<\/span>\n\t\t<\/span>\n\t\t\t\t\t<\/a>\n\t\t<\/div>\n\t\t\t\t<\/div>\n\t\t\t\t<\/div>\n\t\t\t\t<div class=\"elementor-element elementor-element-abec218 elementor-align-center elementor-mobile-align-center elementor-invisible elementor-widget elementor-widget-button\" data-id=\"abec218\" data-element_type=\"widget\" data-settings=\"{&quot;_animation&quot;:&quot;fadeIn&quot;}\" data-widget_type=\"button.default\">\n\t\t\t\t<div class=\"elementor-widget-container\">\n\t\t\t\t\t<div class=\"elementor-button-wrapper\">\n\t\t\t<a href=\"https:\/\/metauxbc.com\/wp-content\/uploads\/2019\/11\/020.spkt_.102B-F.pdf\" target=\"_blank\" class=\"elementor-button-link elementor-button elementor-size-lg\" role=\"button\">\n\t\t\t\t\t\t<span class=\"elementor-button-content-wrapper\">\n\t\t\t\t\t\t<span class=\"elementor-button-text\">See the document - Cast iron 102 B<\/span>\n\t\t<\/span>\n\t\t\t\t\t<\/a>\n\t\t<\/div>\n\t\t\t\t<\/div>\n\t\t\t\t<\/div>\n\t\t\t\t\t\t<\/div>\n\t\t\t\t\t<\/div>\n\t\t<\/div>\n\t\t\t\t<div class=\"elementor-column elementor-col-50 elementor-top-column elementor-element elementor-element-3b9be973 elementor-invisible\" data-id=\"3b9be973\" data-element_type=\"column\" data-settings=\"{&quot;animation&quot;:&quot;fadeIn&quot;}\">\n\t\t\t<div class=\"elementor-column-wrap elementor-element-populated\">\n\t\t\t\t\t\t\t<div class=\"elementor-widget-wrap\">\n\t\t\t\t\t\t<div class=\"elementor-element elementor-element-343b0a2 elementor-invisible elementor-widget elementor-widget-heading\" data-id=\"343b0a2\" data-element_type=\"widget\" data-settings=\"{&quot;_animation&quot;:&quot;fadeIn&quot;}\" data-widget_type=\"heading.default\">\n\t\t\t\t<div class=\"elementor-widget-container\">\n\t\t\t<h2 class=\"elementor-heading-title elementor-size-default\">Brief description of the product<\/h2>\t\t<\/div>\n\t\t\t\t<\/div>\n\t\t\t\t<div class=\"elementor-element elementor-element-2245bead elementor-widget-divider--separator-type-pattern elementor-widget-divider--view-line elementor-invisible elementor-widget elementor-widget-divider\" data-id=\"2245bead\" data-element_type=\"widget\" data-settings=\"{&quot;_animation&quot;:&quot;fadeIn&quot;}\" data-widget_type=\"divider.default\">\n\t\t\t\t<div class=\"elementor-widget-container\">\n\t\t\t\t\t<div class=\"elementor-divider\" style=\"--divider-pattern-url: url(&quot;data:image\/svg+xml,%3Csvg xmlns=&#039;http:\/\/www.w3.org\/2000\/svg&#039; preserveAspectRatio=&#039;none&#039; overflow=&#039;visible&#039; height=&#039;100%&#039; viewBox=&#039;0 0 24 24&#039; fill=&#039;black&#039; stroke=&#039;none&#039;%3E%3Cpath d=&#039;M12.7,2.3c-0.4-0.4-1.1-0.4-1.5,0l-8,9.1c-0.3,0.4-0.3,0.9,0,1.2l8,9.1c0.4,0.4,1.1,0.4,1.5,0l8-9.1c0.3-0.4,0.3-0.9,0-1.2L12.7,2.3z&#039;\/%3E%3C\/svg%3E&quot;);\">\n\t\t\t<span class=\"elementor-divider-separator\">\n\t\t\t\t\t\t<\/span>\n\t\t<\/div>\n\t\t\t\t<\/div>\n\t\t\t\t<\/div>\n\t\t\t\t<div class=\"elementor-element elementor-element-1442bd7b elementor-invisible elementor-widget elementor-widget-text-editor\" data-id=\"1442bd7b\" data-element_type=\"widget\" data-settings=\"{&quot;_animation&quot;:&quot;fadeIn&quot;}\" data-widget_type=\"text-editor.default\">\n\t\t\t\t<div class=\"elementor-widget-container\">\n\t\t\t\t\t\t\t\t<div class=\"elementor-text-editor elementor-clearfix\">\n\t\t\t\t<p>Sprockets are the main products of M\u00e9taux Coul\u00e9s BC inc. We have matrices allowing us to provide more than 10000 different models, for most existing channels.<\/p>\n\t\t\t\t\t<\/div>\n\t\t\t\t\t\t<\/div>\n\t\t\t\t<\/div>\n\t\t\t\t\t\t<\/div>\n\t\t\t\t\t<\/div>\n\t\t<\/div>\n\t\t\t\t\t\t\t\t<\/div>\n\t\t\t\t\t<\/div>\n\t\t<\/section>\n\t\t\t\t<section class=\"elementor-section elementor-top-section elementor-element elementor-element-54228d57 elementor-section-boxed elementor-section-height-default elementor-section-height-default\" data-id=\"54228d57\" data-element_type=\"section\">\n\t\t\t\t\t\t<div class=\"elementor-container elementor-column-gap-default\">\n\t\t\t\t\t\t\t<div class=\"elementor-row\">\n\t\t\t\t\t<div class=\"elementor-column elementor-col-100 elementor-top-column elementor-element elementor-element-5116869b\" data-id=\"5116869b\" data-element_type=\"column\">\n\t\t\t<div class=\"elementor-column-wrap elementor-element-populated\">\n\t\t\t\t\t\t\t<div class=\"elementor-widget-wrap\">\n\t\t\t\t\t\t<div class=\"elementor-element elementor-element-a9fa7b elementor-widget elementor-widget-html\" data-id=\"a9fa7b\" data-element_type=\"widget\" id=\"affichage\" data-widget_type=\"html.default\">\n\t\t\t\t<div class=\"elementor-widget-container\">\n\t\t\t81X-A-06 5.22 5.6 A ---------------- ------ 3.12** 4.8\r\n 81X-B-06 5.22 5.6 B 2.75 x 1.75 ------ 1.88 6.3\r\n 81X-C-06 5.22 5.6 C 2.75 x 2.62 ------ 1.88 7.8\r\n 81X-A-07 6.01 6.5 A ---------------- ------ 3.96** 6.8\r\n 81X-B-07 6.01 6.5 B 3.50 x 1.75 ------ 2.44 9.2\r\n 81X-C-07 6.01 6.5 C 3.50 x 2.62 ------ 2.44 11.6\r\n 81X-A-08 6.82 7.4 A ---------------- ------ 4.85** 8.9\r\n 81X-B-08 6.82 7.4 B 4.00 x 1.75 ------ 2.75 12.1\r\n 81X-C-08 6.82 7.4 C 4.00 x 2.62 ------ 2.75 15.3\r\n 81X-A-09 7.63 8.3 A ---------------- ------ 5.72** 11.2\r\n 81X-B-09 7.63 8.3 B 5.00 x 1.75 ------ 3.44 16.2\r\n 81X-C-09 7.63 8.3 C 5.00 x 2.62 ------ 3.44 21.2\r\n 81X-A-10 8.44 9.1 A ---------------- ------ 6.55** 13.8\r\n 81X-B-10 8.44 9.1 B 5.00 x 1.75 ------ 3.44 18.8\r\n 81X-C-10 8.44 9.1 C 5.00 x 2.62 ------ 3.44 23.8\r\n 81X-A-11 9.26 9.9 A ---------------- ------ 7.39** 16.5\r\n 81X-B-11 9.26 9.9 B 5.00 x 1.75 ------ 3.44 21.5\r\n 81X-C-11 9.26 9.9 C 5.00 x 2.62 ------ 3.44 26.5\r\n 81X-A-12 10.08 10.7 A ---------------- ------ 8.24** 19.6\r\n 81X-B-12 10.08 10.7 B 5.50 x 1.75 ------ 3.82 25.6\r\n 81X-C-12 10.08 10.7 C 5.50 x 2.62 ------ 3.82 31.6\r\n 81X-A-13 10.90 11.5 A ---------------- ------ 9.08** 22.9\r\n 81X-B-13 10.90 11.5 B 5.50 x 1.75 ------ 3.82 28.9\r\n 81X-C-13 10.90 11.5 C 5.50 x 2.62 ------ 3.82 34.9\r\n 81X-A-14 11.72 12.3 A ---------------- ------ 9.93** 26.6\r\n 81X-B-14 11.72 12.3 B 5.50 x 1.75 ------ 3.82 32.6\r\n 81X-C-14 11.72 12.3 C 5.50 x 2.62 ------ 3.82 38.6\r\n 81X-A-15 12.55 13.5 A ---------------- ------ 10.78** 31.4\r\n 81X-B-15 12.55 13.5 B 5.50 x 1.75 ------ 3.82 37.4\r\n 81X-C-15 12.55 13.5 C 5.50 x 2.62 ------ 3.82 43.4\r\n 81X-A-16 13.37 14.3 A ---------------- ------ 11.61** 35.6\r\n 81X-B-16 13.37 14.3 B 6.00 x 2.00 ------ 4.13 44.8\r\n 81X-C-16 13.37 14.3 C 6.00 x 2.62 ------ 4.13 49.8\r\n 81X-A-17 14.20 15.0 A ---------------- ------ 12.46** 39.6\r\n 81X-B-17 14.20 15.0 B 6.00 x 2.00 ------ 4.13 48.8\r\n 81X-C-17 14.20 15.0 C 6.00 x 2.62 ------ 4.13 53.8\t\t<\/div>\n\t\t\t\t<\/div>\n\t\t\t\t\t\t<\/div>\n\t\t\t\t\t<\/div>\n\t\t<\/div>\n\t\t\t\t\t\t\t\t<\/div>\n\t\t\t\t\t<\/div>\n\t\t<\/section>\n\t\t\t\t<section class=\"elementor-section elementor-top-section elementor-element elementor-element-61388cff elementor-section-boxed elementor-section-height-default elementor-section-height-default\" data-id=\"61388cff\" data-element_type=\"section\">\n\t\t\t\t\t\t<div class=\"elementor-container elementor-column-gap-default\">\n\t\t\t\t\t\t\t<div class=\"elementor-row\">\n\t\t\t\t\t<div class=\"elementor-column elementor-col-100 elementor-top-column elementor-element elementor-element-23b1feee\" data-id=\"23b1feee\" data-element_type=\"column\">\n\t\t\t<div class=\"elementor-column-wrap elementor-element-populated\">\n\t\t\t\t\t\t\t<div class=\"elementor-widget-wrap\">\n\t\t\t\t\t\t<div class=\"elementor-element elementor-element-72f67055 elementor-hidden-desktop elementor-hidden-tablet elementor-hidden-phone elementor-widget elementor-widget-html\" data-id=\"72f67055\" data-element_type=\"widget\" data-widget_type=\"html.default\">\n\t\t\t\t<div class=\"elementor-widget-container\">\n\t\t\tACIER * STEEL # 102 B 4.000 Pitch \r\n 102B-A-06 8.00 8.8 A ----------------- ------ 5.18** 25.6\r\n 102B-B-06 8.00 8.8 B 5.00 x 3.25 ------ 3.44 34.0\r\n 102B-C-06 8.00 8.8 C 5.00 x 4.75 ------ 3.44 42.5\r\n 102B-A-07 9.22 10.0 A ----------------- ------ 6.55** 33.9\r\n 102B-B-07 9.22 10.0 B 5.50 x 3.25 ------ 3.82 44.0\r\n 102B-C-07 9.22 10.0 C 5.50 x 4.75 ------ 3.82 54.3\r\n 102B-A-08 10.45 11.2 A ----------------- ------ 7.90** 43.4\r\n 102B-B-08 10.45 11.2 B 5.50 x 3.25 ------ 3.82 53.5\r\n 102B-C-08 10.45 11.2 C 5.50 x 4.75 ------ 3.82 62.8\r\n 102B-A-09 11.69 12.4 A ----------------- ------ 9.23** 53.8\r\n 102B-B-09 11.69 12.4 B 5.50 x 3.25 ------ 3.82 63.9\r\n 102B-C-09 11.69 12.4 C 5.50 x 4.75 ------ 3.82 73.2\r\n 102B-A-10 12.94 13.7 A ----------------- ------ 10.55** 66.3\r\n 102B-B-10 12.94 13.7 B 6.00 x 3.25 1.50 4.13 76.8\r\n 102B-C-10 12.94 13.7 C 6.00 x 4.75 1.50 4.13 88.2\r\n 102B-A-11 14.20 15.0 A ----------------- ------ 11.87** 80.1\r\n 102B-B-11 14.20 15.0 B 6.00 x 3.25 1.50 4.13 90.6\r\n 102B-C-11 14.20 15.0 C 6.00 x 4.75 1.50 4.13 102\r\n 102B-A-12 15.45 16.3 A ----------------- ------ 13.17** 94.7\r\n 102B-B-12 15.45 16.3 B 6.00 x 3.25 1.50 4.13 105\r\n 102B-C-12 15.45 16.3 C 6.00 x 4.75 1.50 4.13 117\r\n 102B-A-13 16.71 17.5 A ----------------- ------ 14.47** 111\r\n 102B-B-13 16.71 17.5 B 6.00 x 3.25 1.50 4.13 122\r\n \r\n \r\n 102B-A-14 17.98 18.8 A ----------------- ------ 15.77** 128\r\n 102B-B-14 17.98 18.8 B 6.00 x 3.25 1.50 4.13 139\r\n 102B-C-14 17.98 18.8 C 6.00 x 4.75 1.50 4.13 150\r\n 102B-A-15 19.24 20.1 A ----------------- ------ 17.07** 147\r\n 102B-B-15 19.24 20.1 B 6.75 x 3.25 1.50 4.63 161\r\n 102B-C-15 19.24 20.1 C 6.75 x 4.75 1.50 4.63 175\r\n 102B-A-16 20.50 21.3 A ----------------- ------ 18.35** 167\r\n 102B-B-16 20.50 21.3 B 6.75 x 3.25 1.50 4.63 181\r\n 102B-C-16 20.50 21.3 C 6.75 x 4.75 1.50 4.63 196\r\n 102B-A-17 21.77 22.5 A ----------------- ------ 19.64** 187\r\n 102B-B-17 21.77 22.5 B 6.75 x 3.25 1.50 4.63 201\r\n 102B-C-17 21.77 22.5 C 6.75 x 4.75 1.50 4.63 216\r\n 102B-A-18 23.04 23.9 A ----------------- ------ 20.94** 210\r\n 102B-B-18 23.04 23.9 B 7.50 x 3.25 1.50 5.13 228\r\n 102B-C-18 23.04 23.9 C 7.50 x 4.75 1.50 5.13 247\r\n 102B-A-19 24.30 25.1 A ----------------- ------ 22.21** 233\r\n 102B-B-19 24.30 25.1 B 7.50 x 3.25 1.50 5.13 251\r\n 102B-C-19 24.30 25.1 C 7.50 x 4.75 1.50 5.13 270\r\n 102B-A-20 25.57 26.4 A ----------------- ------ 23.50** 258\r\n 102B-B-20 25.57 26.4 B 7.50 x 3.25 1.50 5.13 276\r\n 102B-C-20 25.57 26.4 C 7.50 x 4.75 1.50 5.13 295\r\n 102B-A-24 30.65 31.4 A ----------------- ------ 28.63** 369\r\n 102B-B-24 30.65 31.4 B 8.00 x 3.25 1.50 5.50 390\r\n 102B-C-24 30.65 31.4 C 8.00 x 4.75 1.50 5.50 413\t\t<\/div>\n\t\t\t\t<\/div>\n\t\t\t\t<div class=\"elementor-element elementor-element-5ec7353 elementor-hidden-desktop elementor-hidden-tablet elementor-hidden-phone elementor-widget elementor-widget-html\" data-id=\"5ec7353\" data-element_type=\"widget\" data-widget_type=\"html.default\">\n\t\t\t\t<div class=\"elementor-widget-container\">\n\t\t\tFONTE * CAST IRON # 102 B 4.000 Pitch PL : 1.75 \/ ROLL : 1.00\r\n C102B-C-06 8.00 8.8 C 5.00 x 3.50 1.25 2.75 31\r\n\r\n C102B-C-07 9.22 10.0 C 5.00 x 3.50 1.25 2.75 39\r\n\r\n C102B-C-08 10.45 11.2 C 5.50 x 3.75 1.25 3.00 51\r\n\r\n C102B-C-09 11.69 12.4 C 5.50 x 3.75 1.25 3.00 61\r\n\r\n C102B-C-10 12.94 13.7 C 6.00 x 4.00 1.50 3.31 68\r\n\r\n C102B-C-11 14.20 15.0 C 6.00 x 4.00 1.50 3.31 75\r\n\r\n C102B-C-12 15.45 16.2 C 6.00 x 4.00 1.50 3.31 84\r\n\r\n C102B-C-14 17.98 18.7 C 6.00 x 4.00 1.50 3.31 107\r\n\r\n C102B-C-15 19.24 20.0 C 6.00 x 4.00 1.50 3.31 118\r\n\r\n C102B-C-16 20.50 21.3 C 6.00 x 4.00 1.50 3.31 128\r\n C102B-C-18 23.04 24.0 C 7.00 x 4.50 1.50 3.85 163\r\n\r\n C102B-C-19 24.30 25.1 C 7.00 x 4.50 1.50 3.85 175\r\n\r\n C102B-C-20 25.57 26.3 C 7.00 x 4.50 1.50 3.85 189\r\n\r\n C102B-C-24 30.65 31.4 C 7.50 x 4.50 1.50 4.13 256 \t\t<\/div>\n\t\t\t\t<\/div>\n\t\t\t\t\t\t<\/div>\n\t\t\t\t\t<\/div>\n\t\t<\/div>\n\t\t\t\t\t\t\t\t<\/div>\n\t\t\t\t\t<\/div>\n\t\t<\/section>\n\t\t\t\t\t\t\t\t\t<\/div>\n\t\t\t<\/div>\n\t\t\t\t\t<\/div>\n\t\t","protected":false},"excerpt":{"rendered":"<p>102 B See the document &#8211; Steel 102 B See the document &#8211; Cast iron 102 B Brief description of the product Sprockets are the main products of M\u00e9taux Coul\u00e9s BC inc. We have matrices allowing us to provide more than 10000 different models, for most existing channels. 81X-A-06 5.22 5.6 A &#8212;&#8212;&#8212;&#8212;&#8212;- &#8212;&#8212; 3.12** [&hellip;]<\/p>\n","protected":false},"author":1,"featured_media":0,"parent":0,"menu_order":0,"comment_status":"closed","ping_status":"closed","template":"elementor_header_footer","meta":[],"yoast_head":"<!-- This site is optimized with the Yoast SEO plugin v20.3 - https:\/\/yoast.com\/wordpress\/plugins\/seo\/ -->\n<title>102 B - m\u00e9taux Coul\u00e9s BC inc.<\/title>\n<meta name=\"description\" content=\"Sprockets are the main products of M\u00e9taux Coul\u00e9s BC inc.\" \/>\n<meta name=\"robots\" content=\"index, follow, max-snippet:-1, max-image-preview:large, max-video-preview:-1\" \/>\n<link rel=\"canonical\" href=\"https:\/\/metauxbc.com\/en\/102-b\/\" \/>\n<meta property=\"og:locale\" content=\"en_US\" \/>\n<meta property=\"og:type\" content=\"article\" \/>\n<meta property=\"og:title\" content=\"102 B - m\u00e9taux Coul\u00e9s BC inc.\" \/>\n<meta property=\"og:description\" content=\"Sprockets are the main products of M\u00e9taux Coul\u00e9s BC inc.\" \/>\n<meta property=\"og:url\" content=\"https:\/\/metauxbc.com\/en\/102-b\/\" \/>\n<meta property=\"og:site_name\" content=\"m\u00e9taux Coul\u00e9s BC inc.\" \/>\n<meta property=\"article:modified_time\" content=\"2020-05-19T12:15:18+00:00\" \/>\n<meta name=\"twitter:card\" content=\"summary_large_image\" \/>\n<meta name=\"twitter:label1\" content=\"Est. reading time\" \/>\n\t<meta name=\"twitter:data1\" content=\"2 minutes\" \/>\n<script type=\"application\/ld+json\" class=\"yoast-schema-graph\">{\"@context\":\"https:\/\/schema.org\",\"@graph\":[{\"@type\":\"WebPage\",\"@id\":\"https:\/\/metauxbc.com\/en\/102-b\/\",\"url\":\"https:\/\/metauxbc.com\/en\/102-b\/\",\"name\":\"102 B - m\u00e9taux Coul\u00e9s BC inc.\",\"isPartOf\":{\"@id\":\"https:\/\/metauxbc.com\/en\/#website\"},\"datePublished\":\"2019-11-05T12:46:31+00:00\",\"dateModified\":\"2020-05-19T12:15:18+00:00\",\"description\":\"Sprockets are the main products of M\u00e9taux Coul\u00e9s BC inc.\",\"breadcrumb\":{\"@id\":\"https:\/\/metauxbc.com\/en\/102-b\/#breadcrumb\"},\"inLanguage\":\"en-US\",\"potentialAction\":[{\"@type\":\"ReadAction\",\"target\":[\"https:\/\/metauxbc.com\/en\/102-b\/\"]}]},{\"@type\":\"BreadcrumbList\",\"@id\":\"https:\/\/metauxbc.com\/en\/102-b\/#breadcrumb\",\"itemListElement\":[{\"@type\":\"ListItem\",\"position\":1,\"name\":\"Accueil\",\"item\":\"https:\/\/metauxbc.com\/en\/\"},{\"@type\":\"ListItem\",\"position\":2,\"name\":\"102 B\"}]},{\"@type\":\"WebSite\",\"@id\":\"https:\/\/metauxbc.com\/en\/#website\",\"url\":\"https:\/\/metauxbc.com\/en\/\",\"name\":\"m\u00e9taux Coul\u00e9s BC inc.\",\"description\":\"\",\"publisher\":{\"@id\":\"https:\/\/metauxbc.com\/en\/#organization\"},\"potentialAction\":[{\"@type\":\"SearchAction\",\"target\":{\"@type\":\"EntryPoint\",\"urlTemplate\":\"https:\/\/metauxbc.com\/en\/?s={search_term_string}\"},\"query-input\":\"required name=search_term_string\"}],\"inLanguage\":\"en-US\"},{\"@type\":\"Organization\",\"@id\":\"https:\/\/metauxbc.com\/en\/#organization\",\"name\":\"M\u00e9taux Coul\u00e9s BC\",\"url\":\"https:\/\/metauxbc.com\/en\/\",\"logo\":{\"@type\":\"ImageObject\",\"inLanguage\":\"en-US\",\"@id\":\"https:\/\/metauxbc.com\/en\/#\/schema\/logo\/image\/\",\"url\":\"https:\/\/metauxbc.com\/wp-content\/uploads\/2019\/10\/metaux-coules-bc.png\",\"contentUrl\":\"https:\/\/metauxbc.com\/wp-content\/uploads\/2019\/10\/metaux-coules-bc.png\",\"width\":250,\"height\":136,\"caption\":\"M\u00e9taux Coul\u00e9s BC\"},\"image\":{\"@id\":\"https:\/\/metauxbc.com\/en\/#\/schema\/logo\/image\/\"}}]}<\/script>\n<!-- \/ Yoast SEO plugin. -->","yoast_head_json":{"title":"102 B - m\u00e9taux Coul\u00e9s BC inc.","description":"Sprockets are the main products of M\u00e9taux Coul\u00e9s BC inc.","robots":{"index":"index","follow":"follow","max-snippet":"max-snippet:-1","max-image-preview":"max-image-preview:large","max-video-preview":"max-video-preview:-1"},"canonical":"https:\/\/metauxbc.com\/en\/102-b\/","og_locale":"en_US","og_type":"article","og_title":"102 B - m\u00e9taux Coul\u00e9s BC inc.","og_description":"Sprockets are the main products of M\u00e9taux Coul\u00e9s BC inc.","og_url":"https:\/\/metauxbc.com\/en\/102-b\/","og_site_name":"m\u00e9taux Coul\u00e9s BC inc.","article_modified_time":"2020-05-19T12:15:18+00:00","twitter_card":"summary_large_image","twitter_misc":{"Est. reading time":"2 minutes"},"schema":{"@context":"https:\/\/schema.org","@graph":[{"@type":"WebPage","@id":"https:\/\/metauxbc.com\/en\/102-b\/","url":"https:\/\/metauxbc.com\/en\/102-b\/","name":"102 B - m\u00e9taux Coul\u00e9s BC inc.","isPartOf":{"@id":"https:\/\/metauxbc.com\/en\/#website"},"datePublished":"2019-11-05T12:46:31+00:00","dateModified":"2020-05-19T12:15:18+00:00","description":"Sprockets are the main products of M\u00e9taux Coul\u00e9s BC inc.","breadcrumb":{"@id":"https:\/\/metauxbc.com\/en\/102-b\/#breadcrumb"},"inLanguage":"en-US","potentialAction":[{"@type":"ReadAction","target":["https:\/\/metauxbc.com\/en\/102-b\/"]}]},{"@type":"BreadcrumbList","@id":"https:\/\/metauxbc.com\/en\/102-b\/#breadcrumb","itemListElement":[{"@type":"ListItem","position":1,"name":"Accueil","item":"https:\/\/metauxbc.com\/en\/"},{"@type":"ListItem","position":2,"name":"102 B"}]},{"@type":"WebSite","@id":"https:\/\/metauxbc.com\/en\/#website","url":"https:\/\/metauxbc.com\/en\/","name":"m\u00e9taux Coul\u00e9s BC inc.","description":"","publisher":{"@id":"https:\/\/metauxbc.com\/en\/#organization"},"potentialAction":[{"@type":"SearchAction","target":{"@type":"EntryPoint","urlTemplate":"https:\/\/metauxbc.com\/en\/?s={search_term_string}"},"query-input":"required name=search_term_string"}],"inLanguage":"en-US"},{"@type":"Organization","@id":"https:\/\/metauxbc.com\/en\/#organization","name":"M\u00e9taux Coul\u00e9s BC","url":"https:\/\/metauxbc.com\/en\/","logo":{"@type":"ImageObject","inLanguage":"en-US","@id":"https:\/\/metauxbc.com\/en\/#\/schema\/logo\/image\/","url":"https:\/\/metauxbc.com\/wp-content\/uploads\/2019\/10\/metaux-coules-bc.png","contentUrl":"https:\/\/metauxbc.com\/wp-content\/uploads\/2019\/10\/metaux-coules-bc.png","width":250,"height":136,"caption":"M\u00e9taux Coul\u00e9s BC"},"image":{"@id":"https:\/\/metauxbc.com\/en\/#\/schema\/logo\/image\/"}}]}},"_links":{"self":[{"href":"https:\/\/metauxbc.com\/en\/wp-json\/wp\/v2\/pages\/1319"}],"collection":[{"href":"https:\/\/metauxbc.com\/en\/wp-json\/wp\/v2\/pages"}],"about":[{"href":"https:\/\/metauxbc.com\/en\/wp-json\/wp\/v2\/types\/page"}],"author":[{"embeddable":true,"href":"https:\/\/metauxbc.com\/en\/wp-json\/wp\/v2\/users\/1"}],"replies":[{"embeddable":true,"href":"https:\/\/metauxbc.com\/en\/wp-json\/wp\/v2\/comments?post=1319"}],"version-history":[{"count":3,"href":"https:\/\/metauxbc.com\/en\/wp-json\/wp\/v2\/pages\/1319\/revisions"}],"predecessor-version":[{"id":1664,"href":"https:\/\/metauxbc.com\/en\/wp-json\/wp\/v2\/pages\/1319\/revisions\/1664"}],"wp:attachment":[{"href":"https:\/\/metauxbc.com\/en\/wp-json\/wp\/v2\/media?parent=1319"}],"curies":[{"name":"wp","href":"https:\/\/api.w.org\/{rel}","templated":true}]}}